{"id":119,"date":"2019-02-05T10:14:08","date_gmt":"2019-02-05T10:14:08","guid":{"rendered":"http:\/\/appsinmed.com\/mitochondria2019\/?page_id=119"},"modified":"2019-09-02T11:01:52","modified_gmt":"2019-09-02T11:01:52","slug":"travel-2","status":"publish","type":"page","link":"https:\/\/www.appsinmed.com\/mitochondria2019\/travel-2\/","title":{"rendered":"Travel"},"content":{"rendered":"<p>[et_pb_section bb_built=&#8221;1&#8243; _builder_version=&#8221;3.0.47&#8243; next_background_color=&#8221;#000000&#8243;][et_pb_row _builder_version=&#8221;3.0.48&#8243; background_size=&#8221;initial&#8221; background_position=&#8221;top_left&#8221; background_repeat=&#8221;repeat&#8221;][et_pb_column type=&#8221;4_4&#8243;][et_pb_post_title admin_label=&#8221;Page Title&#8221; _builder_version=&#8221;3.15&#8243; meta=&#8221;off&#8221; featured_image=&#8221;off&#8221; title_text_color=&#8221;#d50032&#8243; title_font=&#8221;|600|||||||&#8221; saved_tabs=&#8221;all&#8221; global_module=&#8221;100&#8243; \/][\/et_pb_column][\/et_pb_row][\/et_pb_section][et_pb_section bb_built=&#8221;1&#8243; _builder_version=&#8221;3.0.47&#8243; custom_padding=&#8221;0|0px|0|0px|false|false&#8221; prev_background_color=&#8221;#000000&#8243; next_background_color=&#8221;#616265&#8243;][et_pb_row _builder_version=&#8221;3.15&#8243; background_size=&#8221;initial&#8221; background_position=&#8221;top_left&#8221; background_repeat=&#8221;repeat&#8221;][et_pb_column type=&#8221;3_5&#8243;][et_pb_text admin_label=&#8221;Train&#8221; _builder_version=&#8221;3.15&#8243;]<\/p>\n<h3>Arlanda Express \u2013 high-speed train to and from Stockholm<\/h3>\n<p>The Arlanda Express runs non stop between Stockholm and Arlanda in 20 minutes. If you are travelling from Arlanda to Stockholm, you can buy your ticket at the airport\u2019s information desks or in the Arlanda Express self-service machines located next to the escalators\/lifts leading down. You can also purchase your tickets online in advance. For information and tickets, please visit\u00a0<a href=\"http:\/\/www.arlandaexpress.com\/\" target=\"_blank\" rel=\"noopener\">www.arlandaexpress.com<\/a>.<\/p>\n<p>[\/et_pb_text][\/et_pb_column][et_pb_column type=&#8221;2_5&#8243;][et_pb_image src=&#8221;https:\/\/appsinmed.com\/mitochondria2019\/wp-content\/uploads\/sites\/56\/2019\/02\/whodidwhat-300&#215;170.jpg&#8221; _builder_version=&#8221;3.15&#8243; border_radii=&#8221;on|10px|10px|10px|10px&#8221;]<\/p>\n<p>&nbsp;<\/p>\n<p>[\/et_pb_image][\/et_pb_column][\/et_pb_row][et_pb_row custom_padding=&#8221;|||0px&#8221; _builder_version=&#8221;3.15&#8243; background_size=&#8221;initial&#8221; background_position=&#8221;top_left&#8221; background_repeat=&#8221;repeat&#8221;][et_pb_column type=&#8221;3_5&#8243;][et_pb_text admin_label=&#8221;Bus&#8221; _builder_version=&#8221;3.15&#8243;]<\/p>\n<h3>Flygbussarna \u2013 Airport Coaches<\/h3>\n<p>Flygbussarna airport coaches between Arlanda Airport and Stockholm city center run every ten minutes during most of the day. The route has a\u00a0bus stop right outside of the conference venue, Karolinska Institutet. It also stops at S:t Eriksplan and at Stockholm Central Station. Tickets for Flygbussarna can be purchased through automated machines in the terminals and at the bus stops, e-tickets via\u00a0<a href=\"http:\/\/www.flygbussarna.se\/en\" target=\"_blank\" rel=\"noopener\"><u>Flygbussarna airport coaches website<\/u><\/a>\u00a0and on board the bus (only card payment accepted)<\/p>\n<p>[\/et_pb_text][\/et_pb_column][et_pb_column type=&#8221;2_5&#8243;][et_pb_image src=&#8221;https:\/\/appsinmed.com\/mitochondria2019\/wp-content\/uploads\/sites\/56\/2019\/02\/Flygbussarna-300&#215;130.png&#8221; _builder_version=&#8221;3.15&#8243; border_radii=&#8221;on|10px|10px|10px|10px&#8221;]<\/p>\n<p>&nbsp;<\/p>\n<p>[\/et_pb_image][\/et_pb_column][\/et_pb_row][et_pb_row _builder_version=&#8221;3.15&#8243; background_size=&#8221;initial&#8221; background_position=&#8221;top_left&#8221; background_repeat=&#8221;repeat&#8221;][et_pb_column type=&#8221;3_5&#8243;][et_pb_text admin_label=&#8221;Taxi&#8221; _builder_version=&#8221;3.15&#8243;]<\/p>\n<h3>Taxi<\/h3>\n<p>Taxis are available directly outside of all terminals at Arlanda airport. Always ask the driver for a fixed price beforehand. The price between the airport and Stockholm is approx. 550 SEK.<br \/>\n<strong><br \/>\nWe strongly recommend the following companies:\u00a0Taxi Stockholm, Taxi Kurir or Sverigetaxi<\/strong>.<br \/>\n<strong>If you choose another taxi company it it very important that you ask for the price before you enter the taxi.<br \/>\n<\/strong><br \/>\nTo pre-book a taxi for your arrival, please visit\u00a0<a href=\"http:\/\/taxistockholm.se\/en\" target=\"_blank\" rel=\"noopener\">Taxi Stockholm<\/a>.<\/p>\n<p>[\/et_pb_text][\/et_pb_column][et_pb_column type=&#8221;2_5&#8243;][et_pb_image src=&#8221;https:\/\/appsinmed.com\/mitochondria2019\/wp-content\/uploads\/sites\/56\/2019\/02\/Arlanda_Airport_-_Stockholm_Sweden_4617050400-300&#215;225.jpg&#8221; _builder_version=&#8221;3.15&#8243; border_radii=&#8221;on|10px|10px|10px|10px&#8221;]<\/p>\n<p>&nbsp;<\/p>\n<p>[\/et_pb_image][\/et_pb_column][\/et_pb_row][et_pb_row _builder_version=&#8221;3.15&#8243; background_size=&#8221;initial&#8221; background_position=&#8221;top_left&#8221; background_repeat=&#8221;repeat&#8221; custom_padding=&#8221;||7em|&#8221;][et_pb_column type=&#8221;3_5&#8243;][et_pb_text admin_label=&#8221;To the venue&#8221; _builder_version=&#8221;3.15&#8243;]<\/p>\n<h3>To the venue<\/h3>\n<p><a href=\"https:\/\/www.mitochondria2019.se\/wp-content\/uploads\/sites\/56\/2019\/09\/local-travel-stockholm.pdf\" target=\"_blank\" rel=\"noopener\">Local travel Stockholm city &#8211; Saltsj\u00f6baden, V\u00e5r G\u00e5rd (as pdf)<\/a><\/p>\n<p>[\/et_pb_text][et_pb_tabs _builder_version=&#8221;3.15&#8243;][et_pb_tab _builder_version=&#8221;3.15&#8243; title=&#8221;DRIVING&#8221; use_background_color_gradient=&#8221;off&#8221; background_color_gradient_start=&#8221;#2b87da&#8221; background_color_gradient_end=&#8221;#29c4a9&#8243; background_color_gradient_type=&#8221;linear&#8221; background_color_gradient_direction=&#8221;180deg&#8221; background_color_gradient_direction_radial=&#8221;center&#8221; background_color_gradient_start_position=&#8221;0%&#8221; background_color_gradient_end_position=&#8221;100%&#8221; background_color_gradient_overlays_image=&#8221;off&#8221; parallax=&#8221;off&#8221; parallax_method=&#8221;on&#8221; background_size=&#8221;cover&#8221; background_position=&#8221;center&#8221; background_repeat=&#8221;no-repeat&#8221; background_blend=&#8221;normal&#8221; allow_player_pause=&#8221;off&#8221; background_video_pause_outside_viewport=&#8221;on&#8221; tab_text_shadow_style=&#8221;none&#8221; body_text_shadow_style=&#8221;none&#8221; tab_text_shadow_horizontal_length=&#8221;0em&#8221; tab_text_shadow_vertical_length=&#8221;0em&#8221; tab_text_shadow_blur_strength=&#8221;0em&#8221; body_text_shadow_horizontal_length=&#8221;0em&#8221; body_text_shadow_vertical_length=&#8221;0em&#8221; body_text_shadow_blur_strength=&#8221;0em&#8221;]<\/p>\n<p>Take route 222 Eastbound (V\u00e4rmd\u00f6leden) and make a Right at the exit to Saltsj\u00f6baden (Saltsj\u00f6badsleden).<\/p>\n<p>Once in Saltsj\u00f6baden, follow the sign towards \u00c5ngb\u00e5tsbryggan and V\u00e5r G\u00e5rd Saltsj\u00f6baden (via Stockholmsv\u00e4gen and Ringv\u00e4gen).<\/p>\n<p>Free parking for guests available. For accessible parking, please contact the reception at +46 8 748 77 00.<\/p>\n<p>[\/et_pb_tab][et_pb_tab _builder_version=&#8221;3.15&#8243; title=&#8221;TAXI&#8221; use_background_color_gradient=&#8221;off&#8221; background_color_gradient_start=&#8221;#2b87da&#8221; background_color_gradient_end=&#8221;#29c4a9&#8243; background_color_gradient_type=&#8221;linear&#8221; background_color_gradient_direction=&#8221;180deg&#8221; background_color_gradient_direction_radial=&#8221;center&#8221; background_color_gradient_start_position=&#8221;0%&#8221; background_color_gradient_end_position=&#8221;100%&#8221; background_color_gradient_overlays_image=&#8221;off&#8221; parallax=&#8221;off&#8221; parallax_method=&#8221;on&#8221; background_size=&#8221;cover&#8221; background_position=&#8221;center&#8221; background_repeat=&#8221;no-repeat&#8221; background_blend=&#8221;normal&#8221; allow_player_pause=&#8221;off&#8221; background_video_pause_outside_viewport=&#8221;on&#8221; tab_text_shadow_style=&#8221;none&#8221; body_text_shadow_style=&#8221;none&#8221; tab_text_shadow_horizontal_length=&#8221;0em&#8221; tab_text_shadow_vertical_length=&#8221;0em&#8221; tab_text_shadow_blur_strength=&#8221;0em&#8221; body_text_shadow_horizontal_length=&#8221;0em&#8221; body_text_shadow_vertical_length=&#8221;0em&#8221; body_text_shadow_blur_strength=&#8221;0em&#8221;]<\/p>\n<p>We have negotiated rates with V\u00e4rmd\u00f6 Taxi. To make a reservation, call\u00a0+46 8 570 357 00 and reference booking code \u201dV\u00e5r G\u00e5rd.\u201d<\/p>\n<p><strong>Arlanda Airport \u2013 V\u00e5r G\u00e5rd:<\/strong>\u00a0750 SEK\/taxi (1-4 people) \/ 1100 SEK for a large car.<br \/>\n<strong>Bromma Airport \u2013 V\u00e5r G\u00e5rd:<\/strong>\u00a0525 SEK\/taxi (1-4 people) \/ 770 SEK for a large car.<br \/>\n<strong>Stockholms City \u2013 V\u00e5r G\u00e5rd:<\/strong>\u00a0360 SEK\/taxi (1-4 people) \/ 530 SEK for a large car.<\/p>\n<p>If you do not choose V\u00e4rmd\u00f6 Taxi, we strongly recommend the following companies: Taxi Stockholm, Taxi Kurir or Sverigetaxi.<br \/>\nIf you choose another taxi company it is very important that you ask for the price before you enter the taxi.<\/p>\n<p>[\/et_pb_tab][et_pb_tab _builder_version=&#8221;3.15&#8243; title=&#8221;PUBLIC TRANSPORTATION&#8221; use_background_color_gradient=&#8221;off&#8221; background_color_gradient_start=&#8221;#2b87da&#8221; background_color_gradient_end=&#8221;#29c4a9&#8243; background_color_gradient_type=&#8221;linear&#8221; background_color_gradient_direction=&#8221;180deg&#8221; background_color_gradient_direction_radial=&#8221;center&#8221; background_color_gradient_start_position=&#8221;0%&#8221; background_color_gradient_end_position=&#8221;100%&#8221; background_color_gradient_overlays_image=&#8221;off&#8221; parallax=&#8221;off&#8221; parallax_method=&#8221;on&#8221; background_size=&#8221;cover&#8221; background_position=&#8221;center&#8221; background_repeat=&#8221;no-repeat&#8221; background_blend=&#8221;normal&#8221; allow_player_pause=&#8221;off&#8221; background_video_pause_outside_viewport=&#8221;on&#8221; tab_text_shadow_style=&#8221;none&#8221; body_text_shadow_style=&#8221;none&#8221; tab_text_shadow_horizontal_length=&#8221;0em&#8221; tab_text_shadow_vertical_length=&#8221;0em&#8221; tab_text_shadow_blur_strength=&#8221;0em&#8221; body_text_shadow_horizontal_length=&#8221;0em&#8221; body_text_shadow_vertical_length=&#8221;0em&#8221; body_text_shadow_blur_strength=&#8221;0em&#8221;]<\/p>\n<p><strong>FROM ARLANDA AIRPORT<\/strong><\/p>\n<p><strong>Arlanda Express \u2013 high-speed train to and from Stockholm<\/strong><br \/>\nThe Arlanda Express runs non-stop between Stockholm and Arlanda in 20 minutes. If you are traveling from Arlanda to Stockholm, you can buy your ticket at the airport\u2019s information desks or in the Arlanda Express self-service machines located next to the escalators\/lifts. You can also purchase your tickets online in advance. For information and tickets, please visit <a href=\"http:\/\/www.arlandaexpress.com\" target=\"_blank\" rel=\"noopener\">www.arlandaexpress.com<\/a>.<\/p>\n<p><strong>Flygbussarna \u2013 Airport Coaches<\/strong><br \/>\nFlygbussarna buses between Stockholm Arlanda and Stockholm city center run every ten minutes during most of the day. The route has bus stops along the motorway and at St Eriksplan.<\/p>\n<p>Tickets for Flygbussarna can be purchased through self-service machines in the terminals and at the bus stops, e-tickets via\u00a0<a href=\"http:\/\/www.flygbussarna.se\/en\" target=\"_blank\" rel=\"noopener\">Flygbussarna airport coaches website<\/a>\u00a0and on board the bus (only card payment accepted).<\/p>\n<p><strong><br \/>\n<\/strong><strong>FROM STOCKHOLM TO V\u00c5R G\u00c5RD, SALTSJ\u00d6BADEN<\/strong><\/p>\n<p><strong>By commuter train\/subway (Saltsj\u00f6banan)<br \/>\n<\/strong>From Stockholm central station\/T-centralen, take the subway Southbound to Slussen. Saltsj\u00f6banan doesn\u2019t go all the way to Slussen due to construction. During this time, there is a temporary last stop at Henriksdal.\u00a0 Exit at Henriksdal and follow the sign towards the busses which will take you to Saltsj\u00f6banan. Take the train to Saltsj\u00f6baden (approx. 30 min). Once you arrive at the Saltsj\u00f6baden station, you will see our red brick buildings on the other side of the tracks. It\u2019s a couple of minutes walk to the main entrance. Time table for Saltsj\u00f6banan can be found at:\u00a0www.sl.se\/en<\/p>\n<p><strong>By boat<\/strong><br \/>\nV\u00e5r G\u00e5rd Saltsj\u00f6baden has its own dock. We are happy to help you make arrangements to travel by boat. The trip takes about one hour from Stockholm. Some of the public scheduled boats make a stop at \u00c5ngb\u00e5tsbryggan (the one in Saltsj\u00f6baden, not \u00c5ngb\u00e5tsbryggan in the city), which is close by.<\/p>\n<p>Prices and time table as per February 2018.<\/p>\n<p>[\/et_pb_tab][\/et_pb_tabs][\/et_pb_column][et_pb_column type=&#8221;2_5&#8243;][et_pb_image src=&#8221;https:\/\/appsinmed.com\/mitochondria2019\/wp-content\/uploads\/sites\/56\/2019\/02\/var-gard-300-3.jpg&#8221; _builder_version=&#8221;3.15&#8243; border_radii=&#8221;on|10px|10px|10px|10px&#8221;]<\/p>\n<p>&nbsp;<\/p>\n<p>[\/et_pb_image][\/et_pb_column][\/et_pb_row][\/et_pb_section][et_pb_section bb_built=&#8221;1&#8243; _builder_version=&#8221;3.15&#8243; background_color=&#8221;#616265&#8243; prev_background_color=&#8221;#ffffff&#8221; global_module=&#8221;58&#8243;][et_pb_row global_parent=&#8221;58&#8243; _builder_version=&#8221;3.15&#8243; background_size=&#8221;initial&#8221; background_position=&#8221;top_left&#8221; background_repeat=&#8221;repeat&#8221;][et_pb_column type=&#8221;1_3&#8243;][et_pb_text global_parent=&#8221;58&#8243; _builder_version=&#8221;3.15&#8243; background_layout=&#8221;dark&#8221; custom_margin=&#8221;||0px|&#8221;]<\/p>\n<h3><strong>Hosted by<\/strong><\/h3>\n<p>[\/et_pb_text][et_pb_image global_parent=&#8221;58&#8243; src=&#8221;https:\/\/appsinmed.com\/originofcancer16\/wp-content\/uploads\/sites\/43\/2018\/11\/jim-logo-400.jpg&#8221; url=&#8221;http:\/\/www.jim.se\/&#8221; url_new_window=&#8221;on&#8221; always_center_on_mobile=&#8221;off&#8221; _builder_version=&#8221;3.15&#8243; border_radii=&#8221;on|10px|10px|10px|10px&#8221; custom_css_main_element=&#8221;max-width: 200px;&#8221; custom_margin=&#8221;0px|||&#8221; \/][et_pb_image global_parent=&#8221;58&#8243; src=&#8221;https:\/\/appsinmed.com\/mitochondria2019\/wp-content\/uploads\/sites\/56\/2019\/02\/Ki_vit.png&#8221; url=&#8221;https:\/\/kva.se\/en\/startsida&#8221; url_new_window=&#8221;on&#8221; always_center_on_mobile=&#8221;off&#8221; _builder_version=&#8221;3.15&#8243; border_radii=&#8221;on|10px|10px|10px|10px&#8221; custom_css_main_element=&#8221;max-width: 200px;&#8221; \/][\/et_pb_column][et_pb_column type=&#8221;1_3&#8243;][et_pb_text global_parent=&#8221;58&#8243; _builder_version=&#8221;3.15&#8243; background_layout=&#8221;dark&#8221;]<\/p>\n<h3><strong>Important dates<\/strong><\/h3>\n<p style=\"font-weight: 400\">Abstract submission dead-line May 31<\/p>\n<p style=\"font-weight: 400\">Notification June 10<\/p>\n<p style=\"font-weight: 400\">Deadline registration for the Symposium June 14<\/p>\n<p>[\/et_pb_text][\/et_pb_column][et_pb_column type=&#8221;1_3&#8243;][et_pb_text admin_label=&#8221;Akademikonferens&#8221; global_parent=&#8221;58&#8243; _builder_version=&#8221;3.15&#8243; background_layout=&#8221;dark&#8221;]<\/p>\n<h3><strong>Professional Conference Organizer<\/strong><\/h3>\n<div dir=\"auto\">\n<p style=\"font-weight: 400\">For general information, kindly contact:<br \/>\n<span style=\"color: #d52132\"><span style=\"color: #ffffff\"><a style=\"color: #ffffff\" href=\"mailto:mitochondria2019@akademikonferens.se\" target=\"_blank\" rel=\"noopener\"><span lang=\"SV\">mitochondria2019@akademikonferens.se<\/span><\/a><\/span><br \/>\n<\/span><br \/>\nAkademikonferens +46 18 67 15 33 or the switchboard +46 18 67 10 03<\/p>\n<p>For scientific content and abstracts, kindly contact:\u00a0<span style=\"color: #ffffff\"><a style=\"color: #ffffff\" href=\"mailto:Virpi.Tohonen@ki.se\">Virpi.Tohonen@ki.se<\/a><\/span><\/p>\n<p class=\"p1\"><span style=\"color: #ffffff\"><a style=\"color: #ffffff\" href=\"http:\/\/www.akademikonferens.se\">www.akademikonferens.se<\/a><\/span><\/p>\n<\/div>\n<p>[\/et_pb_text][et_pb_image admin_label=&#8221;Logo&#8221; global_parent=&#8221;58&#8243; src=&#8221;https:\/\/appsinmed.com\/mitochondria2019\/wp-content\/uploads\/sites\/56\/2019\/02\/ak-webblogga-white.png&#8221; always_center_on_mobile=&#8221;off&#8221; _builder_version=&#8221;3.15&#8243; max_width=&#8221;40%&#8221; max_width_tablet=&#8221;10%&#8221; max_width_last_edited=&#8221;on|tablet&#8221; \/][\/et_pb_column][\/et_pb_row][\/et_pb_section]<\/p>\n","protected":false},"excerpt":{"rendered":"<p>[et_pb_section bb_built=&#8221;1&#8243; _builder_version=&#8221;3.0.47&#8243; next_background_color=&#8221;#000000&#8243;][et_pb_row _builder_version=&#8221;3.0.48&#8243; background_size=&#8221;initial&#8221; background_position=&#8221;top_left&#8221; background_repeat=&#8221;repeat&#8221;][et_pb_column type=&#8221;4_4&#8243;][et_pb_post_title admin_label=&#8221;Page Title&#8221; _builder_version=&#8221;3.15&#8243; meta=&#8221;off&#8221; featured_image=&#8221;off&#8221; title_text_color=&#8221;#d50032&#8243; title_font=&#8221;|600|||||||&#8221; saved_tabs=&#8221;all&#8221; global_module=&#8221;100&#8243; \/][\/et_pb_column][\/et_pb_row][\/et_pb_section][et_pb_section bb_built=&#8221;1&#8243; _builder_version=&#8221;3.0.47&#8243; custom_padding=&#8221;0|0px|0|0px|false|false&#8221; prev_background_color=&#8221;#000000&#8243; next_background_color=&#8221;#616265&#8243;][et_pb_row _builder_version=&#8221;3.15&#8243; background_size=&#8221;initial&#8221; background_position=&#8221;top_left&#8221; background_repeat=&#8221;repeat&#8221;][et_pb_column type=&#8221;3_5&#8243;][et_pb_text admin_label=&#8221;Train&#8221; _builder_version=&#8221;3.15&#8243;] Arlanda Express \u2013 high-speed train to and from Stockholm The Arlanda Express runs non stop between Stockholm and Arlanda in 20 minutes. If you [&hellip;]<\/p>\n","protected":false},"author":1,"featured_media":0,"parent":0,"menu_order":0,"comment_status":"closed","ping_status":"closed","template":"","meta":{"_et_pb_use_builder":"on","_et_pb_old_content":"","_et_gb_content_width":""},"_links":{"self":[{"href":"https:\/\/www.appsinmed.com\/mitochondria2019\/wp-json\/wp\/v2\/pages\/119"}],"collection":[{"href":"https:\/\/www.appsinmed.com\/mitochondria2019\/wp-json\/wp\/v2\/pages"}],"about":[{"href":"https:\/\/www.appsinmed.com\/mitochondria2019\/wp-json\/wp\/v2\/types\/page"}],"author":[{"embeddable":true,"href":"https:\/\/www.appsinmed.com\/mitochondria2019\/wp-json\/wp\/v2\/users\/1"}],"replies":[{"embeddable":true,"href":"https:\/\/www.appsinmed.com\/mitochondria2019\/wp-json\/wp\/v2\/comments?post=119"}],"version-history":[{"count":17,"href":"https:\/\/www.appsinmed.com\/mitochondria2019\/wp-json\/wp\/v2\/pages\/119\/revisions"}],"predecessor-version":[{"id":323,"href":"https:\/\/www.appsinmed.com\/mitochondria2019\/wp-json\/wp\/v2\/pages\/119\/revisions\/323"}],"wp:attachment":[{"href":"https:\/\/www.appsinmed.com\/mitochondria2019\/wp-json\/wp\/v2\/media?parent=119"}],"curies":[{"name":"wp","href":"https:\/\/api.w.org\/{rel}","templated":true}]}}